{"id":6013,"date":"2024-02-01T13:13:59","date_gmt":"2024-02-01T14:13:59","guid":{"rendered":"https:\/\/spb-bracelet.com\/?page_id=6013"},"modified":"2024-02-01T13:20:20","modified_gmt":"2024-02-01T14:20:20","slug":"sobre-os-envios","status":"publish","type":"page","link":"https:\/\/spb-bracelet.com\/en\/sobre-os-envios\/","title":{"rendered":"About Shipping"},"content":{"rendered":"<p>SPB Bracelet shipping methods and associated fees:<\/p>\n\n\n\n<p><strong>Shipping to Portugal:<\/strong> SPB Bracelet offers shipping to Portugal with a minimum order of \u20ac40. If the order is less than this value, a shipping fee of \u20ac4.2 will be applied.<\/p>\n\n\n\n<p><strong>Shipping to other European countries:<\/strong> For other European countries, the minimum order is \u20ac70. If the order is less than this value, the customer will have to pay a shipping fee of \u20ac8.<\/p>\n\n\n\n<p><strong>Shipping to other countries:<\/strong> For shipments to other countries, the minimum order is \u20ac90. If the order is less than this value, a shipping fee of \u20ac10 will be applied.<\/p>\n\n\n\n<p>These policies ensure that SPB Bracelet customers around the world can receive their products efficiently and at a reasonable cost. If you have further questions about SPB Bracelet shipping methods, <a href=\"https:\/\/spb-bracelet.com\/en\/contacts\/\" data-type=\"page\" data-id=\"5125\"><strong>do not hesitate in asking<\/strong><\/a>! \ud83d\ude0a<\/p>","protected":false},"excerpt":{"rendered":"<p>M\u00e9todos de envio e taxas associadas da SPB Bracelet: Envios para Portugal: A SPB Bracelet oferece envio para Portugal com uma encomenda m\u00ednima de 40\u20ac&#8230;.<\/p>","protected":false},"author":1,"featured_media":0,"parent":0,"menu_order":0,"comment_status":"closed","ping_status":"closed","template":"","meta":{"footnotes":""},"folder":[],"class_list":["post-6013","page","type-page","status-publish","hentry"],"yoast_head":"<!-- This site is optimized with the Yoast SEO plugin v27.4 - https:\/\/yoast.com\/product\/yoast-seo-wordpress\/ -->\n<title>Sobre os Envios - SPB Bracelet<\/title>\n<meta name=\"robots\" content=\"index, follow, max-snippet:-1, max-image-preview:large, max-video-preview:-1\" \/>\n<link rel=\"canonical\" href=\"https:\/\/spb-bracelet.com\/en\/sobre-os-envios\/\" \/>\n<meta property=\"og:locale\" content=\"en_US\" \/>\n<meta property=\"og:type\" content=\"article\" \/>\n<meta property=\"og:title\" content=\"Sobre os Envios - SPB Bracelet\" \/>\n<meta property=\"og:description\" content=\"M\u00e9todos de envio e taxas associadas da SPB Bracelet: Envios para Portugal: A SPB Bracelet oferece envio para Portugal com uma encomenda m\u00ednima de 40\u20ac....\" \/>\n<meta property=\"og:url\" content=\"https:\/\/spb-bracelet.com\/en\/sobre-os-envios\/\" \/>\n<meta property=\"og:site_name\" content=\"SPB Bracelet\" \/>\n<meta property=\"article:modified_time\" content=\"2024-02-01T14:20:20+00:00\" \/>\n<meta property=\"og:image\" content=\"https:\/\/spb-bracelet.com\/wp-content\/uploads\/2024\/01\/Imagem-WhatsApp-2024-01-18-as-09.19.50_44cc53e6.jpg\" \/>\n\t<meta property=\"og:image:width\" content=\"1600\" \/>\n\t<meta property=\"og:image:height\" content=\"925\" \/>\n\t<meta property=\"og:image:type\" content=\"image\/jpeg\" \/>\n<meta name=\"twitter:card\" content=\"summary_large_image\" \/>\n<meta name=\"twitter:label1\" content=\"Est. reading time\" \/>\n\t<meta name=\"twitter:data1\" content=\"1 minute\" \/>\n<script type=\"application\/ld+json\" class=\"yoast-schema-graph\">{\"@context\":\"https:\\\/\\\/schema.org\",\"@graph\":[{\"@type\":\"WebPage\",\"@id\":\"https:\\\/\\\/spb-bracelet.com\\\/sobre-os-envios\\\/\",\"url\":\"https:\\\/\\\/spb-bracelet.com\\\/sobre-os-envios\\\/\",\"name\":\"Sobre os Envios - SPB Bracelet\",\"isPartOf\":{\"@id\":\"https:\\\/\\\/spb-bracelet.com\\\/#website\"},\"datePublished\":\"2024-02-01T14:13:59+00:00\",\"dateModified\":\"2024-02-01T14:20:20+00:00\",\"breadcrumb\":{\"@id\":\"https:\\\/\\\/spb-bracelet.com\\\/sobre-os-envios\\\/#breadcrumb\"},\"inLanguage\":\"en-US\",\"potentialAction\":[{\"@type\":\"ReadAction\",\"target\":[\"https:\\\/\\\/spb-bracelet.com\\\/sobre-os-envios\\\/\"]}]},{\"@type\":\"BreadcrumbList\",\"@id\":\"https:\\\/\\\/spb-bracelet.com\\\/sobre-os-envios\\\/#breadcrumb\",\"itemListElement\":[{\"@type\":\"ListItem\",\"position\":1,\"name\":\"In\u00edcio\",\"item\":\"https:\\\/\\\/spb-bracelet.com\\\/\"},{\"@type\":\"ListItem\",\"position\":2,\"name\":\"Sobre os Envios\"}]},{\"@type\":\"WebSite\",\"@id\":\"https:\\\/\\\/spb-bracelet.com\\\/#website\",\"url\":\"https:\\\/\\\/spb-bracelet.com\\\/\",\"name\":\"SPB Bracelet\",\"description\":\"Produtos \u00fanicos, feitos \u00c0 M\u00c3O, a partir da NATUREZA, com ARTE!\",\"publisher\":{\"@id\":\"https:\\\/\\\/spb-bracelet.com\\\/#\\\/schema\\\/person\\\/248fc4723bff5efe9907724d3ef484c6\"},\"potentialAction\":[{\"@type\":\"SearchAction\",\"target\":{\"@type\":\"EntryPoint\",\"urlTemplate\":\"https:\\\/\\\/spb-bracelet.com\\\/?s={search_term_string}\"},\"query-input\":{\"@type\":\"PropertyValueSpecification\",\"valueRequired\":true,\"valueName\":\"search_term_string\"}}],\"inLanguage\":\"en-US\"},{\"@type\":[\"Person\",\"Organization\"],\"@id\":\"https:\\\/\\\/spb-bracelet.com\\\/#\\\/schema\\\/person\\\/248fc4723bff5efe9907724d3ef484c6\",\"name\":\"Sofia Matos\",\"image\":{\"@type\":\"ImageObject\",\"inLanguage\":\"en-US\",\"@id\":\"https:\\\/\\\/spb-bracelet.com\\\/wp-content\\\/uploads\\\/2023\\\/12\\\/logo-150.png\",\"url\":\"https:\\\/\\\/spb-bracelet.com\\\/wp-content\\\/uploads\\\/2023\\\/12\\\/logo-150.png\",\"contentUrl\":\"https:\\\/\\\/spb-bracelet.com\\\/wp-content\\\/uploads\\\/2023\\\/12\\\/logo-150.png\",\"width\":150,\"height\":45,\"caption\":\"Sofia Matos\"},\"logo\":{\"@id\":\"https:\\\/\\\/spb-bracelet.com\\\/wp-content\\\/uploads\\\/2023\\\/12\\\/logo-150.png\"}}]}<\/script>\n<!-- \/ Yoast SEO plugin. -->","yoast_head_json":{"title":"Sobre os Envios - SPB Bracelet","robots":{"index":"index","follow":"follow","max-snippet":"max-snippet:-1","max-image-preview":"max-image-preview:large","max-video-preview":"max-video-preview:-1"},"canonical":"https:\/\/spb-bracelet.com\/en\/sobre-os-envios\/","og_locale":"en_US","og_type":"article","og_title":"Sobre os Envios - SPB Bracelet","og_description":"M\u00e9todos de envio e taxas associadas da SPB Bracelet: Envios para Portugal: A SPB Bracelet oferece envio para Portugal com uma encomenda m\u00ednima de 40\u20ac....","og_url":"https:\/\/spb-bracelet.com\/en\/sobre-os-envios\/","og_site_name":"SPB Bracelet","article_modified_time":"2024-02-01T14:20:20+00:00","og_image":[{"width":1600,"height":925,"url":"https:\/\/spb-bracelet.com\/wp-content\/uploads\/2024\/01\/Imagem-WhatsApp-2024-01-18-as-09.19.50_44cc53e6.jpg","type":"image\/jpeg"}],"twitter_card":"summary_large_image","twitter_misc":{"Est. reading time":"1 minute"},"schema":{"@context":"https:\/\/schema.org","@graph":[{"@type":"WebPage","@id":"https:\/\/spb-bracelet.com\/sobre-os-envios\/","url":"https:\/\/spb-bracelet.com\/sobre-os-envios\/","name":"Sobre os Envios - SPB Bracelet","isPartOf":{"@id":"https:\/\/spb-bracelet.com\/#website"},"datePublished":"2024-02-01T14:13:59+00:00","dateModified":"2024-02-01T14:20:20+00:00","breadcrumb":{"@id":"https:\/\/spb-bracelet.com\/sobre-os-envios\/#breadcrumb"},"inLanguage":"en-US","potentialAction":[{"@type":"ReadAction","target":["https:\/\/spb-bracelet.com\/sobre-os-envios\/"]}]},{"@type":"BreadcrumbList","@id":"https:\/\/spb-bracelet.com\/sobre-os-envios\/#breadcrumb","itemListElement":[{"@type":"ListItem","position":1,"name":"In\u00edcio","item":"https:\/\/spb-bracelet.com\/"},{"@type":"ListItem","position":2,"name":"Sobre os Envios"}]},{"@type":"WebSite","@id":"https:\/\/spb-bracelet.com\/#website","url":"https:\/\/spb-bracelet.com\/","name":"SPB Bracelet","description":"Produtos \u00fanicos, feitos \u00c0 M\u00c3O, a partir da NATUREZA, com ARTE!","publisher":{"@id":"https:\/\/spb-bracelet.com\/#\/schema\/person\/248fc4723bff5efe9907724d3ef484c6"},"potentialAction":[{"@type":"SearchAction","target":{"@type":"EntryPoint","urlTemplate":"https:\/\/spb-bracelet.com\/?s={search_term_string}"},"query-input":{"@type":"PropertyValueSpecification","valueRequired":true,"valueName":"search_term_string"}}],"inLanguage":"en-US"},{"@type":["Person","Organization"],"@id":"https:\/\/spb-bracelet.com\/#\/schema\/person\/248fc4723bff5efe9907724d3ef484c6","name":"Sofia Matos","image":{"@type":"ImageObject","inLanguage":"en-US","@id":"https:\/\/spb-bracelet.com\/wp-content\/uploads\/2023\/12\/logo-150.png","url":"https:\/\/spb-bracelet.com\/wp-content\/uploads\/2023\/12\/logo-150.png","contentUrl":"https:\/\/spb-bracelet.com\/wp-content\/uploads\/2023\/12\/logo-150.png","width":150,"height":45,"caption":"Sofia Matos"},"logo":{"@id":"https:\/\/spb-bracelet.com\/wp-content\/uploads\/2023\/12\/logo-150.png"}}]}},"jetpack_sharing_enabled":true,"_links":{"self":[{"href":"https:\/\/spb-bracelet.com\/en\/wp-json\/wp\/v2\/pages\/6013","targetHints":{"allow":["GET"]}}],"collection":[{"href":"https:\/\/spb-bracelet.com\/en\/wp-json\/wp\/v2\/pages"}],"about":[{"href":"https:\/\/spb-bracelet.com\/en\/wp-json\/wp\/v2\/types\/page"}],"author":[{"embeddable":true,"href":"https:\/\/spb-bracelet.com\/en\/wp-json\/wp\/v2\/users\/1"}],"replies":[{"embeddable":true,"href":"https:\/\/spb-bracelet.com\/en\/wp-json\/wp\/v2\/comments?post=6013"}],"version-history":[{"count":4,"href":"https:\/\/spb-bracelet.com\/en\/wp-json\/wp\/v2\/pages\/6013\/revisions"}],"predecessor-version":[{"id":6017,"href":"https:\/\/spb-bracelet.com\/en\/wp-json\/wp\/v2\/pages\/6013\/revisions\/6017"}],"wp:attachment":[{"href":"https:\/\/spb-bracelet.com\/en\/wp-json\/wp\/v2\/media?parent=6013"}],"wp:term":[{"taxonomy":"folder","embeddable":true,"href":"https:\/\/spb-bracelet.com\/en\/wp-json\/wp\/v2\/folder?post=6013"}],"curies":[{"name":"wp","href":"https:\/\/api.w.org\/{rel}","templated":true}]}}