{"id":13,"date":"2020-04-10T15:18:41","date_gmt":"2020-04-10T15:18:41","guid":{"rendered":"https:\/\/xstore.8theme.com\/elementor\/demos\/hipster\/wishlist\/"},"modified":"2024-01-08T16:18:05","modified_gmt":"2024-01-08T17:18:05","slug":"lista-de-desejos","status":"publish","type":"page","link":"https:\/\/spb-bracelet.com\/en\/lista-de-desejos\/","title":{"rendered":"Wishlist"},"content":{"rendered":"\t\t<div data-elementor-type=\"wp-page\" data-elementor-id=\"13\" class=\"elementor elementor-13\">\n\t\t\t\t\t\t<section class=\"elementor-section elementor-top-section elementor-element elementor-element-203d5a94 elementor-section-boxed elementor-section-height-default elementor-section-height-default\" data-id=\"203d5a94\" data-element_type=\"section\" data-e-type=\"section\">\n\t\t\t\t\t\t<div class=\"elementor-container elementor-column-gap-default\">\n\t\t\t\t\t<div class=\"elementor-column elementor-col-100 elementor-top-column elementor-element elementor-element-304226ff\" data-id=\"304226ff\" data-element_type=\"column\" data-e-type=\"column\">\n\t\t\t<div class=\"elementor-widget-wrap elementor-element-populated\">\n\t\t\t\t\t\t<div class=\"elementor-element elementor-element-4fe6014 elementor-widget elementor-widget-shortcode\" data-id=\"4fe6014\" data-element_type=\"widget\" data-e-type=\"widget\" data-widget_type=\"shortcode.default\">\n\t\t\t\t<div class=\"elementor-widget-container\">\n\t\t\t\t\t\t\t<div class=\"elementor-shortcode\">[yith_wcwl_wishlist]<\/div>\n\t\t\t\t\t\t<\/div>\n\t\t\t\t<\/div>\n\t\t\t\t\t<\/div>\n\t\t<\/div>\n\t\t\t\t\t<\/div>\n\t\t<\/section>\n\t\t\t\t<\/div>\n\t\t","protected":false},"excerpt":{"rendered":"<p>[yith_wcwl_wishlist]<\/p>\n","protected":false},"author":1,"featured_media":0,"parent":0,"menu_order":0,"comment_status":"closed","ping_status":"closed","template":"","meta":{"footnotes":""},"folder":[],"class_list":["post-13","page","type-page","status-publish","hentry"],"yoast_head":"<!-- This site is optimized with the Yoast SEO plugin v27.5 - https:\/\/yoast.com\/product\/yoast-seo-wordpress\/ -->\n<title>Lista de Desejos - SPB Bracelet<\/title>\n<meta name=\"robots\" content=\"index, follow, max-snippet:-1, max-image-preview:large, max-video-preview:-1\" \/>\n<link rel=\"canonical\" href=\"https:\/\/spb-bracelet.com\/en\/lista-de-desejos\/\" \/>\n<meta property=\"og:locale\" content=\"en_US\" \/>\n<meta property=\"og:type\" content=\"article\" \/>\n<meta property=\"og:title\" content=\"Lista de Desejos - SPB Bracelet\" \/>\n<meta property=\"og:description\" content=\"[yith_wcwl_wishlist]\" \/>\n<meta property=\"og:url\" content=\"https:\/\/spb-bracelet.com\/en\/lista-de-desejos\/\" \/>\n<meta property=\"og:site_name\" content=\"SPB Bracelet\" \/>\n<meta property=\"article:modified_time\" content=\"2024-01-08T17:18:05+00:00\" \/>\n<meta property=\"og:image\" content=\"https:\/\/spb-bracelet.com\/wp-content\/uploads\/2024\/01\/Imagem-WhatsApp-2024-01-18-as-09.19.50_44cc53e6.jpg\" \/>\n\t<meta property=\"og:image:width\" content=\"1600\" \/>\n\t<meta property=\"og:image:height\" content=\"925\" \/>\n\t<meta property=\"og:image:type\" content=\"image\/jpeg\" \/>\n<meta name=\"twitter:card\" content=\"summary_large_image\" \/>\n<script type=\"application\/ld+json\" class=\"yoast-schema-graph\">{\"@context\":\"https:\\\/\\\/schema.org\",\"@graph\":[{\"@type\":\"WebPage\",\"@id\":\"https:\\\/\\\/spb-bracelet.com\\\/lista-de-desejos\\\/\",\"url\":\"https:\\\/\\\/spb-bracelet.com\\\/lista-de-desejos\\\/\",\"name\":\"Lista de Desejos - SPB Bracelet\",\"isPartOf\":{\"@id\":\"https:\\\/\\\/spb-bracelet.com\\\/#website\"},\"datePublished\":\"2020-04-10T15:18:41+00:00\",\"dateModified\":\"2024-01-08T17:18:05+00:00\",\"breadcrumb\":{\"@id\":\"https:\\\/\\\/spb-bracelet.com\\\/lista-de-desejos\\\/#breadcrumb\"},\"inLanguage\":\"en-US\",\"potentialAction\":[{\"@type\":\"ReadAction\",\"target\":[\"https:\\\/\\\/spb-bracelet.com\\\/lista-de-desejos\\\/\"]}]},{\"@type\":\"BreadcrumbList\",\"@id\":\"https:\\\/\\\/spb-bracelet.com\\\/lista-de-desejos\\\/#breadcrumb\",\"itemListElement\":[{\"@type\":\"ListItem\",\"position\":1,\"name\":\"In\u00edcio\",\"item\":\"https:\\\/\\\/spb-bracelet.com\\\/\"},{\"@type\":\"ListItem\",\"position\":2,\"name\":\"Lista de Desejos\"}]},{\"@type\":\"WebSite\",\"@id\":\"https:\\\/\\\/spb-bracelet.com\\\/#website\",\"url\":\"https:\\\/\\\/spb-bracelet.com\\\/\",\"name\":\"SPB Bracelet\",\"description\":\"Produtos \u00fanicos, feitos \u00c0 M\u00c3O, a partir da NATUREZA, com ARTE!\",\"publisher\":{\"@id\":\"https:\\\/\\\/spb-bracelet.com\\\/#\\\/schema\\\/person\\\/248fc4723bff5efe9907724d3ef484c6\"},\"potentialAction\":[{\"@type\":\"SearchAction\",\"target\":{\"@type\":\"EntryPoint\",\"urlTemplate\":\"https:\\\/\\\/spb-bracelet.com\\\/?s={search_term_string}\"},\"query-input\":{\"@type\":\"PropertyValueSpecification\",\"valueRequired\":true,\"valueName\":\"search_term_string\"}}],\"inLanguage\":\"en-US\"},{\"@type\":[\"Person\",\"Organization\"],\"@id\":\"https:\\\/\\\/spb-bracelet.com\\\/#\\\/schema\\\/person\\\/248fc4723bff5efe9907724d3ef484c6\",\"name\":\"Sofia Matos\",\"image\":{\"@type\":\"ImageObject\",\"inLanguage\":\"en-US\",\"@id\":\"https:\\\/\\\/spb-bracelet.com\\\/wp-content\\\/uploads\\\/2023\\\/12\\\/logo-150.png\",\"url\":\"https:\\\/\\\/spb-bracelet.com\\\/wp-content\\\/uploads\\\/2023\\\/12\\\/logo-150.png\",\"contentUrl\":\"https:\\\/\\\/spb-bracelet.com\\\/wp-content\\\/uploads\\\/2023\\\/12\\\/logo-150.png\",\"width\":150,\"height\":45,\"caption\":\"Sofia Matos\"},\"logo\":{\"@id\":\"https:\\\/\\\/spb-bracelet.com\\\/wp-content\\\/uploads\\\/2023\\\/12\\\/logo-150.png\"}}]}<\/script>\n<!-- \/ Yoast SEO plugin. -->","yoast_head_json":{"title":"Lista de Desejos - SPB Bracelet","robots":{"index":"index","follow":"follow","max-snippet":"max-snippet:-1","max-image-preview":"max-image-preview:large","max-video-preview":"max-video-preview:-1"},"canonical":"https:\/\/spb-bracelet.com\/en\/lista-de-desejos\/","og_locale":"en_US","og_type":"article","og_title":"Lista de Desejos - SPB Bracelet","og_description":"[yith_wcwl_wishlist]","og_url":"https:\/\/spb-bracelet.com\/en\/lista-de-desejos\/","og_site_name":"SPB Bracelet","article_modified_time":"2024-01-08T17:18:05+00:00","og_image":[{"width":1600,"height":925,"url":"https:\/\/spb-bracelet.com\/wp-content\/uploads\/2024\/01\/Imagem-WhatsApp-2024-01-18-as-09.19.50_44cc53e6.jpg","type":"image\/jpeg"}],"twitter_card":"summary_large_image","schema":{"@context":"https:\/\/schema.org","@graph":[{"@type":"WebPage","@id":"https:\/\/spb-bracelet.com\/lista-de-desejos\/","url":"https:\/\/spb-bracelet.com\/lista-de-desejos\/","name":"Lista de Desejos - SPB Bracelet","isPartOf":{"@id":"https:\/\/spb-bracelet.com\/#website"},"datePublished":"2020-04-10T15:18:41+00:00","dateModified":"2024-01-08T17:18:05+00:00","breadcrumb":{"@id":"https:\/\/spb-bracelet.com\/lista-de-desejos\/#breadcrumb"},"inLanguage":"en-US","potentialAction":[{"@type":"ReadAction","target":["https:\/\/spb-bracelet.com\/lista-de-desejos\/"]}]},{"@type":"BreadcrumbList","@id":"https:\/\/spb-bracelet.com\/lista-de-desejos\/#breadcrumb","itemListElement":[{"@type":"ListItem","position":1,"name":"In\u00edcio","item":"https:\/\/spb-bracelet.com\/"},{"@type":"ListItem","position":2,"name":"Lista de Desejos"}]},{"@type":"WebSite","@id":"https:\/\/spb-bracelet.com\/#website","url":"https:\/\/spb-bracelet.com\/","name":"SPB Bracelet","description":"Produtos \u00fanicos, feitos \u00c0 M\u00c3O, a partir da NATUREZA, com ARTE!","publisher":{"@id":"https:\/\/spb-bracelet.com\/#\/schema\/person\/248fc4723bff5efe9907724d3ef484c6"},"potentialAction":[{"@type":"SearchAction","target":{"@type":"EntryPoint","urlTemplate":"https:\/\/spb-bracelet.com\/?s={search_term_string}"},"query-input":{"@type":"PropertyValueSpecification","valueRequired":true,"valueName":"search_term_string"}}],"inLanguage":"en-US"},{"@type":["Person","Organization"],"@id":"https:\/\/spb-bracelet.com\/#\/schema\/person\/248fc4723bff5efe9907724d3ef484c6","name":"Sofia Matos","image":{"@type":"ImageObject","inLanguage":"en-US","@id":"https:\/\/spb-bracelet.com\/wp-content\/uploads\/2023\/12\/logo-150.png","url":"https:\/\/spb-bracelet.com\/wp-content\/uploads\/2023\/12\/logo-150.png","contentUrl":"https:\/\/spb-bracelet.com\/wp-content\/uploads\/2023\/12\/logo-150.png","width":150,"height":45,"caption":"Sofia Matos"},"logo":{"@id":"https:\/\/spb-bracelet.com\/wp-content\/uploads\/2023\/12\/logo-150.png"}}]}},"jetpack_sharing_enabled":true,"_links":{"self":[{"href":"https:\/\/spb-bracelet.com\/en\/wp-json\/wp\/v2\/pages\/13","targetHints":{"allow":["GET"]}}],"collection":[{"href":"https:\/\/spb-bracelet.com\/en\/wp-json\/wp\/v2\/pages"}],"about":[{"href":"https:\/\/spb-bracelet.com\/en\/wp-json\/wp\/v2\/types\/page"}],"author":[{"embeddable":true,"href":"https:\/\/spb-bracelet.com\/en\/wp-json\/wp\/v2\/users\/1"}],"replies":[{"embeddable":true,"href":"https:\/\/spb-bracelet.com\/en\/wp-json\/wp\/v2\/comments?post=13"}],"version-history":[{"count":1,"href":"https:\/\/spb-bracelet.com\/en\/wp-json\/wp\/v2\/pages\/13\/revisions"}],"predecessor-version":[{"id":5599,"href":"https:\/\/spb-bracelet.com\/en\/wp-json\/wp\/v2\/pages\/13\/revisions\/5599"}],"wp:attachment":[{"href":"https:\/\/spb-bracelet.com\/en\/wp-json\/wp\/v2\/media?parent=13"}],"wp:term":[{"taxonomy":"folder","embeddable":true,"href":"https:\/\/spb-bracelet.com\/en\/wp-json\/wp\/v2\/folder?post=13"}],"curies":[{"name":"wp","href":"https:\/\/api.w.org\/{rel}","templated":true}]}}